{"id":1057,"date":"2024-01-31T10:06:56","date_gmt":"2024-01-31T10:06:56","guid":{"rendered":"https:\/\/geltower-angelfreunde.de\/?page_id=1057"},"modified":"2024-08-23T09:35:03","modified_gmt":"2024-08-23T09:35:03","slug":"vorstandnews","status":"publish","type":"page","link":"https:\/\/geltower-angelfreunde.de\/index.php\/vorstandnews\/","title":{"rendered":"Vorstandnews"},"content":{"rendered":"\t\t<div data-elementor-type=\"wp-page\" data-elementor-id=\"1057\" class=\"elementor elementor-1057\" data-elementor-post-type=\"page\">\n\t\t\t\t<div class=\"elementor-element elementor-element-e9ef159 e-flex e-con-boxed e-con e-parent\" data-id=\"e9ef159\" data-element_type=\"container\" data-e-type=\"container\">\n\t\t\t\t\t<div class=\"e-con-inner\">\n\t\t\t\t<div class=\"elementor-element elementor-element-4be283d elementor-widget elementor-widget-spacer\" data-id=\"4be283d\" data-element_type=\"widget\" data-e-type=\"widget\" data-widget_type=\"spacer.default\">\n\t\t\t\t<div class=\"elementor-widget-container\">\n\t\t\t\t\t\t\t<div class=\"elementor-spacer\">\n\t\t\t<div class=\"elementor-spacer-inner\"><\/div>\n\t\t<\/div>\n\t\t\t\t\t\t<\/div>\n\t\t\t\t<\/div>\n\t\t\t\t\t<\/div>\n\t\t\t\t<\/div>\n\t\t<div class=\"elementor-element elementor-element-a3f8346 e-flex e-con-boxed e-con e-parent\" data-id=\"a3f8346\" data-element_type=\"container\" data-e-type=\"container\">\n\t\t\t\t\t<div class=\"e-con-inner\">\n\t\t\t\t<div class=\"elementor-element elementor-element-5488fe5 elementor-widget elementor-widget-text-editor\" data-id=\"5488fe5\" data-element_type=\"widget\" data-e-type=\"widget\" data-widget_type=\"text-editor.default\">\n\t\t\t\t<div class=\"elementor-widget-container\">\n\t\t\t\t\t\t\t\t\t<h1 style=\"text-align: center;\">Vorstandnews<\/h1><p>auf Grund der Sommerpause hier nun die Neuigkeiten aus den letzten drei Sitzungen:<\/p><p><u><b>Neuaufnahme von Mitgliedern<\/b><\/u><\/p><p>Es wurde ein neues Mitglied aufgenommen. Aktuelle sind wir 115 Mitglieder, davon geh\u00f6ren 15 zur Jugend.<\/p><p><u><b>Bootspl\u00e4tze<\/b><\/u><\/p><p>Mit dem Wasserstra\u00dfenamt wurde bez\u00fcglich der Stegerweiterung am Petzinsee und l\u00e4ngerer Pachtvertr\u00e4ge f\u00fcr beide Pl\u00e4tze Kontakt aufgenommen und erste Schritte besprochen.<\/p><p>Am Petzinsee wurde ein Pavillon errichtet.<\/p><p>Der Vorstand wird zur Mitgliederversammlung auf Grund der wiederholten Besch\u00e4digung der Einfahrtstore am Grashorn eine Video\u00fcberwachung der Tore vorschlagen.<\/p><p>Das Gestell der B\u00fchne am Grashorn wird zur\u00fcckgebaut.<\/p><p><u><b>Organisatorisches<\/b><\/u><\/p><p>Erste Antr\u00e4ge auf Winterliegepl\u00e4tze sind eingegangen, die Abstimmung dar\u00fcber wurde vertagt. Erst muss die Platzkapazit\u00e4t auf beiden Pl\u00e4tzen neu beurteilt werden.<\/p><p><u><b>Mitgliederversammlung<\/b><\/u><\/p><p>Die Organisation der n\u00e4chsten Mitgliederversammlung wurde besprochen und letzte \u00c4nderungen am Entwurf der neuen Satzung wurden diskutiert.<\/p><p>Mit dem Finanzamt wurde nochmals \u00fcber Formulierungen in der Satzung geredet. Die F\u00f6rderung der Freizeitschifffahrt wird nicht als gemeinn\u00fctzig anerkannt. Alternative Formulierungen wurden besprochen.<\/p><p><u><b>Veranstaltungen<\/b><\/u><\/p><p>Vier Vorstandsmitglieder haben an der Feier zum 75. Jubil\u00e4um des Caputher Angelvereins teilgenommen und ein Geschenk \u00fcberreicht<\/p><p>Das vereinsinterne Paarangeln fand mangels Beteiligung nicht statt. Zuk\u00fcnftig soll im Chat die Beteiligung an Veranstaltungen und Arbeitseins\u00e4tzen fr\u00fcher abgefragt werden.<\/p><p>Der Vorstand hat auf Einladung des Orstvorstehers an einer ersten Zusammenkunft der Vereine in Vorbereitung auf das diesj\u00e4hrige Ernte- und Vereinsfest teilgenommen.<\/p><p>Ein Weihnachtsmarkt der Vereine wird am 3.Advent auf unserem Gel\u00e4nde stattfinden<\/p><p>Eine Delegation des Vorstands wird an der Weihnachtsfeier der Frauen in Caputh teilnehmen.<\/p><p><u><b>Jugendarbeit<\/b><\/u><\/p><p>Am 29.\/30.06 hat das Jugendangelcamp mit 13 Teilnehmern am Grashorn stattgefunden.<\/p><p>Dazu wurde ein Bericht auf unserer Webseite und im Havelboten ver\u00f6ffentlicht.<\/p><p><u><b>Finanzen<\/b><\/u><\/p><p>Ein neuer Strom und Gasvertrag f\u00fcr den Platz am Grashorn wurde abgeschlossen.<\/p><p>Die M\u00f6glichkeiten von Merchandising ( Werbeartikel bzw. Textilien mit Eigenwerbung) werden derzeitig diskutiert.<\/p><p>Der Rasenm\u00e4her Petzinsee ist defekt. Ein neuer Rasenm\u00e4her wurde bewilligt.<\/p><p>Der Verein wird auch in diesem Jahr wieder F\u00f6rergelder bei der Gemeinde beantragen. Schwerpunkt wird die Beschaffung eines neuen und stabileren Zeltes sein.<\/p><p><u><b>Allgemeines<\/b><\/u><\/p><p>Die Platzwarte am Grashorn werden jetzt mit Dennis Langhein verst\u00e4rkt.<\/p>\t\t\t\t\t\t\t\t<\/div>\n\t\t\t\t<\/div>\n\t\t\t\t\t<\/div>\n\t\t\t\t<\/div>\n\t\t\t\t<\/div>\n\t\t","protected":false},"excerpt":{"rendered":"<p>Vorstandnews auf Grund der Sommerpause hier nun die Neuigkeiten aus den letzten drei Sitzungen: Neuaufnahme von Mitgliedern Es wurde ein neues Mitglied aufgenommen. Aktuelle sind wir 115 Mitglieder, davon geh\u00f6ren [&hellip;]<\/p>\n","protected":false},"author":1,"featured_media":0,"parent":0,"menu_order":0,"comment_status":"closed","ping_status":"closed","template":"","meta":{"footnotes":""},"class_list":["post-1057","page","type-page","status-publish","hentry"],"_links":{"self":[{"href":"https:\/\/geltower-angelfreunde.de\/index.php\/wp-json\/wp\/v2\/pages\/1057","targetHints":{"allow":["GET"]}}],"collection":[{"href":"https:\/\/geltower-angelfreunde.de\/index.php\/wp-json\/wp\/v2\/pages"}],"about":[{"href":"https:\/\/geltower-angelfreunde.de\/index.php\/wp-json\/wp\/v2\/types\/page"}],"author":[{"embeddable":true,"href":"https:\/\/geltower-angelfreunde.de\/index.php\/wp-json\/wp\/v2\/users\/1"}],"replies":[{"embeddable":true,"href":"https:\/\/geltower-angelfreunde.de\/index.php\/wp-json\/wp\/v2\/comments?post=1057"}],"version-history":[{"count":22,"href":"https:\/\/geltower-angelfreunde.de\/index.php\/wp-json\/wp\/v2\/pages\/1057\/revisions"}],"predecessor-version":[{"id":1510,"href":"https:\/\/geltower-angelfreunde.de\/index.php\/wp-json\/wp\/v2\/pages\/1057\/revisions\/1510"}],"wp:attachment":[{"href":"https:\/\/geltower-angelfreunde.de\/index.php\/wp-json\/wp\/v2\/media?parent=1057"}],"curies":[{"name":"wp","href":"https:\/\/api.w.org\/{rel}","templated":true}]}}